{"id":370,"date":"2022-12-27T09:21:53","date_gmt":"2022-12-27T12:21:53","guid":{"rendered":"https:\/\/arcosolarengenharia-com-br.preview-domain.com\/?page_id=370"},"modified":"2022-12-27T09:35:22","modified_gmt":"2022-12-27T12:35:22","slug":"blog","status":"publish","type":"page","link":"https:\/\/arcosolarengenharia.com.br\/index.php\/blog\/","title":{"rendered":"Blog"},"content":{"rendered":"\t\t<div data-elementor-type=\"wp-page\" data-elementor-id=\"370\" class=\"elementor elementor-370\">\n\t\t\t\t\t\t\t\t\t<section class=\"elementor-section elementor-top-section elementor-element elementor-element-c7edc0a elementor-section-boxed elementor-section-height-default elementor-section-height-default\" data-id=\"c7edc0a\" data-element_type=\"section\">\n\t\t\t\t\t\t<div class=\"elementor-container elementor-column-gap-default\">\n\t\t\t\t\t<div class=\"elementor-column elementor-col-100 elementor-top-column elementor-element elementor-element-f7dcc7f\" data-id=\"f7dcc7f\" data-element_type=\"column\">\n\t\t\t<div class=\"elementor-widget-wrap elementor-element-populated\">\n\t\t\t\t\t\t\t\t<div class=\"elementor-element elementor-element-ea6c0ea upk-maple-content--left elementor-widget elementor-widget-upk-maple-grid\" data-id=\"ea6c0ea\" data-element_type=\"widget\" data-settings=\"{&quot;upk_in_animation_show&quot;:&quot;yes&quot;}\" data-widget_type=\"upk-maple-grid.default\">\n\t\t\t\t<div class=\"elementor-widget-container\">\n\t\t\t\t\t<div class=\"upk-maple-grid\">\n\t\t\t<div class=\"upk-post-grid upk-style-2 upk-in-animation\" data-in-animation-delay=\"\">\n\n\t\t\t\t\n\t\t\t\t\t\t\t<div class=\"upk-item\">\n\t\t\t<div class=\"upk-item-box\">\n\t\t\t\t<div class=\"upk-image-wrap\">\n\t\t\t\t\t<div class=\"upk-main-image\">\n\t\t\t\t\t\t\t\t<img decoding=\"async\" class=\"upk-img\" src=\"https:\/\/arcosolarengenharia.com.br\/wp-content\/uploads\/2022\/12\/IMG-20221204-WA0010.jpg\" alt=\"Instala\u00e7\u00e3o Empresarial Maqsul bordados\">\r\n\t\t\t\t\t\t<\/div>\n\n\t\t\t\t\t\t\t\t\t\t\t\t\t\t\t\t\t\t\t\t\t\t\n\t\t\t\t<\/div>\n\n\t\t\t\t<div class=\"upk-content\">\n\t\t\t\t\t<div class=\"upk-content-inner\">\n\n\t\t\t\t\t\t\t\t\t\t\t\t<div class=\"upk-meta\">\n\t\t\t\t\t\t\t\t\t\t\t\t\t\t\t\t\t\n\t\t\t\t\t\t\t\t\n\t\t\t\t\t\t\t\t\t\t\t\t\t\t\t<div class=\"upk-blog-date\" data-separator=\"-\">\n\t\t\t\t\t\t\t\t\t<div class=\"upk-blog-date\">\n\t\t\t\t\t\t\t\t\t\t<a class=\"date\" href=\"#\">\n\t\t\t\t\t\t\t\t\t\t\t<i class=\"upk-icon-calendar\" aria-hidden=\"true\"><\/i>30 de dezembro de 2022\t\t\t\t\t\t\t\t\t\t<\/a>\n\t\t\t\t\t\t\t\t\t<\/div>\n\t\t\t\t\t\t\t\t\n\t\t\t\t\t\t\t\t\t\t\t\t\t\t\t\t\t<\/div>\n\t\t\t\t\t\t\t\n\t\t\t\t\t\t\t\n\t\t\t\t\t\t<\/div>\n\t\t\t\t\t\t\n\t\t\t\t\t\t<h3 class=\"upk-title\"><a href=\"https:\/\/arcosolarengenharia.com.br\/index.php\/2022\/12\/30\/maqsul-bordados\/\" title=\"Instala\u00e7\u00e3o Empresarial Maqsul bordados\" class=\"title-animation-underline\" >Instala\u00e7\u00e3o Empresarial Maqsul bordados<\/a><\/h3>\n\t\t\t\t\t\t\t\t\t\t\t\t\t\t\t<div class=\"upk-text\">\r\n\t\t\t<p>Economizar energia el\u00e9trica gera muitos benef\u00edcios para sua empresa ou com\u00e9rcio, com\u00a0 Prote\u00e7\u00e3o financeira , voc\u00ea estar\u00e1 protegido dos elevados aumentos de tarifas de energia. Redu\u00e7\u00e3o de sua conta de<\/p>\n\t\t<\/div>\r\n\t\t\t\t\t\t\t\t\t\t\t\t\t<\/div>\n\t\t\t\t<\/div>\n\n\t\t\t<\/div>\n\t\t<\/div>\n\n\n\t\n\t\t\t\t\n\t\t\t\t\t\t\t<div class=\"upk-item\">\n\t\t\t<div class=\"upk-item-box\">\n\t\t\t\t<div class=\"upk-image-wrap\">\n\t\t\t\t\t<div class=\"upk-main-image\">\n\t\t\t\t\t\t\t\t<img decoding=\"async\" class=\"upk-img\" src=\"https:\/\/arcosolarengenharia.com.br\/wp-content\/uploads\/2022\/12\/IMG-20221204-WA0012.jpg\" alt=\"Instala\u00e7\u00e3o Empresarial Gunga Top\">\r\n\t\t\t\t\t\t<\/div>\n\n\t\t\t\t\t\t\t\t\t\t\t\t\t\t\t\t\t\t\t\t\t\t\n\t\t\t\t<\/div>\n\n\t\t\t\t<div class=\"upk-content\">\n\t\t\t\t\t<div class=\"upk-content-inner\">\n\n\t\t\t\t\t\t\t\t\t\t\t\t<div class=\"upk-meta\">\n\t\t\t\t\t\t\t\t\t\t\t\t\t\t\t\t\t\n\t\t\t\t\t\t\t\t\n\t\t\t\t\t\t\t\t\t\t\t\t\t\t\t<div class=\"upk-blog-date\" data-separator=\"-\">\n\t\t\t\t\t\t\t\t\t<div class=\"upk-blog-date\">\n\t\t\t\t\t\t\t\t\t\t<a class=\"date\" href=\"#\">\n\t\t\t\t\t\t\t\t\t\t\t<i class=\"upk-icon-calendar\" aria-hidden=\"true\"><\/i>30 de dezembro de 2022\t\t\t\t\t\t\t\t\t\t<\/a>\n\t\t\t\t\t\t\t\t\t<\/div>\n\t\t\t\t\t\t\t\t\n\t\t\t\t\t\t\t\t\t\t\t\t\t\t\t\t\t<\/div>\n\t\t\t\t\t\t\t\n\t\t\t\t\t\t\t\n\t\t\t\t\t\t<\/div>\n\t\t\t\t\t\t\n\t\t\t\t\t\t<h3 class=\"upk-title\"><a href=\"https:\/\/arcosolarengenharia.com.br\/index.php\/2022\/12\/30\/gunga-top\/\" title=\"Instala\u00e7\u00e3o Empresarial Gunga Top\" class=\"title-animation-underline\" >Instala\u00e7\u00e3o Empresarial Gunga Top<\/a><\/h3>\n\t\t\t\t\t\t\t\t\t\t\t\t\t\t\t<div class=\"upk-text\">\r\n\t\t\t<p>Economizar energia el\u00e9trica gera muitos benef\u00edcios para sua empresa ou com\u00e9rcio, com\u00a0 Prote\u00e7\u00e3o financeira , voc\u00ea estar\u00e1 protegido dos elevados aumentos de tarifas de energia. Redu\u00e7\u00e3o de sua conta de<\/p>\n\t\t<\/div>\r\n\t\t\t\t\t\t\t\t\t\t\t\t\t<\/div>\n\t\t\t\t<\/div>\n\n\t\t\t<\/div>\n\t\t<\/div>\n\n\n\t\n\t\t\t\t\n\t\t\t\t\t\t\t<div class=\"upk-item\">\n\t\t\t<div class=\"upk-item-box\">\n\t\t\t\t<div class=\"upk-image-wrap\">\n\t\t\t\t\t<div class=\"upk-main-image\">\n\t\t\t\t\t\t\t\t<img decoding=\"async\" class=\"upk-img\" src=\"https:\/\/arcosolarengenharia.com.br\/wp-content\/uploads\/2022\/12\/mother-with-her-little-son-by-solar-panels-2_upscayl_4x_realesrgan-x4plus-1.png\" alt=\"Como funciona o Sistema de Energia Solar On-Grid?\">\r\n\t\t\t\t\t\t<\/div>\n\n\t\t\t\t\t\t\t\t\t\t\t\t\t\t\t\t\t\t\t\t\t\t\n\t\t\t\t<\/div>\n\n\t\t\t\t<div class=\"upk-content\">\n\t\t\t\t\t<div class=\"upk-content-inner\">\n\n\t\t\t\t\t\t\t\t\t\t\t\t<div class=\"upk-meta\">\n\t\t\t\t\t\t\t\t\t\t\t\t\t\t\t\t\t\n\t\t\t\t\t\t\t\t\n\t\t\t\t\t\t\t\t\t\t\t\t\t\t\t<div class=\"upk-blog-date\" data-separator=\"-\">\n\t\t\t\t\t\t\t\t\t<div class=\"upk-blog-date\">\n\t\t\t\t\t\t\t\t\t\t<a class=\"date\" href=\"#\">\n\t\t\t\t\t\t\t\t\t\t\t<i class=\"upk-icon-calendar\" aria-hidden=\"true\"><\/i>26 de dezembro de 2022\t\t\t\t\t\t\t\t\t\t<\/a>\n\t\t\t\t\t\t\t\t\t<\/div>\n\t\t\t\t\t\t\t\t\n\t\t\t\t\t\t\t\t\t\t\t\t\t\t\t\t\t<\/div>\n\t\t\t\t\t\t\t\n\t\t\t\t\t\t\t\n\t\t\t\t\t\t<\/div>\n\t\t\t\t\t\t\n\t\t\t\t\t\t<h3 class=\"upk-title\"><a href=\"https:\/\/arcosolarengenharia.com.br\/index.php\/2022\/12\/26\/como-funciona-o-sistema-de-energia-solar-on-grid\/\" title=\"Como funciona o Sistema de Energia Solar On-Grid?\" class=\"title-animation-underline\" >Como funciona o Sistema de Energia Solar On-Grid?<\/a><\/h3>\n\t\t\t\t\t\t\t\t\t\t\t\t\t\t\t<div class=\"upk-text\">\r\n\t\t\t<p>1) Como funciona a Energia Solar? A Energia Solar Fotovoltaica basicamente \u00e9 a convers\u00e3o da Energia do Sol em Energia El\u00e9trica atrav\u00e9s das c\u00e9lulas fotovoltaicas. Ap\u00f3s a convers\u00e3o da Energia<\/p>\n\t\t<\/div>\r\n\t\t\t\t\t\t\t\t\t\t\t\t\t<\/div>\n\t\t\t\t<\/div>\n\n\t\t\t<\/div>\n\t\t<\/div>\n\n\n\t\n\t\t\t\t\n\t\t\t\t\t\t\t<div class=\"upk-item\">\n\t\t\t<div class=\"upk-item-box\">\n\t\t\t\t<div class=\"upk-image-wrap\">\n\t\t\t\t\t<div class=\"upk-main-image\">\n\t\t\t\t\t\t\t\t<img decoding=\"async\" class=\"upk-img\" src=\"https:\/\/arcosolarengenharia.com.br\/wp-content\/uploads\/2022\/12\/man-worker-in-the-firld-by-the-solar-panels-1.jpg\" alt=\"Como funciona uma placa solar\">\r\n\t\t\t\t\t\t<\/div>\n\n\t\t\t\t\t\t\t\t\t\t\t\t\t\t\t\t\t\t\t\t\t\t\n\t\t\t\t<\/div>\n\n\t\t\t\t<div class=\"upk-content\">\n\t\t\t\t\t<div class=\"upk-content-inner\">\n\n\t\t\t\t\t\t\t\t\t\t\t\t<div class=\"upk-meta\">\n\t\t\t\t\t\t\t\t\t\t\t\t\t\t\t\t\t\n\t\t\t\t\t\t\t\t\n\t\t\t\t\t\t\t\t\t\t\t\t\t\t\t<div class=\"upk-blog-date\" data-separator=\"-\">\n\t\t\t\t\t\t\t\t\t<div class=\"upk-blog-date\">\n\t\t\t\t\t\t\t\t\t\t<a class=\"date\" href=\"#\">\n\t\t\t\t\t\t\t\t\t\t\t<i class=\"upk-icon-calendar\" aria-hidden=\"true\"><\/i>23 de dezembro de 2022\t\t\t\t\t\t\t\t\t\t<\/a>\n\t\t\t\t\t\t\t\t\t<\/div>\n\t\t\t\t\t\t\t\t\n\t\t\t\t\t\t\t\t\t\t\t\t\t\t\t\t\t<\/div>\n\t\t\t\t\t\t\t\n\t\t\t\t\t\t\t\n\t\t\t\t\t\t<\/div>\n\t\t\t\t\t\t\n\t\t\t\t\t\t<h3 class=\"upk-title\"><a href=\"https:\/\/arcosolarengenharia.com.br\/index.php\/2022\/12\/23\/como-funciona-uma-placa-solar\/\" title=\"Como funciona uma placa solar\" class=\"title-animation-underline\" >Como funciona uma placa solar<\/a><\/h3>\n\t\t\t\t\t\t\t\t\t\t\t\t\t\t\t<div class=\"upk-text\">\r\n\t\t\t<p>Contrary to popular belief, Lorem Ipsum is not simply random text. It has roots in a piece of classical Latin literature from 45 BC, making it over 2000 years old.<\/p>\n\t\t<\/div>\r\n\t\t\t\t\t\t\t\t\t\t\t\t\t<\/div>\n\t\t\t\t<\/div>\n\n\t\t\t<\/div>\n\t\t<\/div>\n\n\n\t\n\t\t\t\t\n\t\t\t\t\t\t\t<div class=\"upk-item\">\n\t\t\t<div class=\"upk-item-box\">\n\t\t\t\t<div class=\"upk-image-wrap\">\n\t\t\t\t\t<div class=\"upk-main-image\">\n\t\t\t\t\t\t\t\t<img decoding=\"async\" class=\"upk-img\" src=\"https:\/\/arcosolarengenharia.com.br\/wp-content\/uploads\/2022\/12\/beautiful-alternative-energy-plant-with-solar-panels-1.jpg\" alt=\"Novidades do mundo ambiental\">\r\n\t\t\t\t\t\t<\/div>\n\n\t\t\t\t\t\t\t\t\t\t\t\t\t\t\t\t\t\t\t\t\t\t\n\t\t\t\t<\/div>\n\n\t\t\t\t<div class=\"upk-content\">\n\t\t\t\t\t<div class=\"upk-content-inner\">\n\n\t\t\t\t\t\t\t\t\t\t\t\t<div class=\"upk-meta\">\n\t\t\t\t\t\t\t\t\t\t\t\t\t\t\t\t\t\n\t\t\t\t\t\t\t\t\n\t\t\t\t\t\t\t\t\t\t\t\t\t\t\t<div class=\"upk-blog-date\" data-separator=\"-\">\n\t\t\t\t\t\t\t\t\t<div class=\"upk-blog-date\">\n\t\t\t\t\t\t\t\t\t\t<a class=\"date\" href=\"#\">\n\t\t\t\t\t\t\t\t\t\t\t<i class=\"upk-icon-calendar\" aria-hidden=\"true\"><\/i>23 de dezembro de 2022\t\t\t\t\t\t\t\t\t\t<\/a>\n\t\t\t\t\t\t\t\t\t<\/div>\n\t\t\t\t\t\t\t\t\n\t\t\t\t\t\t\t\t\t\t\t\t\t\t\t\t\t<\/div>\n\t\t\t\t\t\t\t\n\t\t\t\t\t\t\t\n\t\t\t\t\t\t<\/div>\n\t\t\t\t\t\t\n\t\t\t\t\t\t<h3 class=\"upk-title\"><a href=\"https:\/\/arcosolarengenharia.com.br\/index.php\/2022\/12\/23\/novidades-do-mundo-ambiental\/\" title=\"Novidades do mundo ambiental\" class=\"title-animation-underline\" >Novidades do mundo ambiental<\/a><\/h3>\n\t\t\t\t\t\t\t\t\t\t\t\t\t\t\t<div class=\"upk-text\">\r\n\t\t\t<p>Contrary to popular belief, Lorem Ipsum is not simply random text. It has roots in a piece of classical Latin literature from 45 BC, making it over 2000 years old.<\/p>\n\t\t<\/div>\r\n\t\t\t\t\t\t\t\t\t\t\t\t\t<\/div>\n\t\t\t\t<\/div>\n\n\t\t\t<\/div>\n\t\t<\/div>\n\n\n\t\n\t\t\t\t\t\t\t<\/div>\n\t\t<\/div>\n\n\t\t\t\t<\/div>\n\t\t\t\t<\/div>\n\t\t\t\t\t<\/div>\n\t\t<\/div>\n\t\t\t\t\t\t\t<\/div>\n\t\t<\/section>\n\t\t\t\t\t\t\t<\/div>\n\t\t","protected":false},"excerpt":{"rendered":"<p>26 de dezembro de 2022 Como funciona o Sistema de Energia Solar On-Grid? 1) Como funciona a Energia Solar? A Energia Solar Fotovoltaica basicamente \u00e9 a convers\u00e3o da Energia do Sol em Energia El\u00e9trica atrav\u00e9s das c\u00e9lulas fotovoltaicas. Ap\u00f3s a convers\u00e3o da Energia 23 de dezembro de 2022 Como funciona uma placa solar Contrary to [&hellip;]<\/p>\n","protected":false},"author":1,"featured_media":0,"parent":0,"menu_order":0,"comment_status":"closed","ping_status":"closed","template":"elementor_header_footer","meta":{"_joinchat":[],"footnotes":""},"_links":{"self":[{"href":"https:\/\/arcosolarengenharia.com.br\/index.php\/wp-json\/wp\/v2\/pages\/370"}],"collection":[{"href":"https:\/\/arcosolarengenharia.com.br\/index.php\/wp-json\/wp\/v2\/pages"}],"about":[{"href":"https:\/\/arcosolarengenharia.com.br\/index.php\/wp-json\/wp\/v2\/types\/page"}],"author":[{"embeddable":true,"href":"https:\/\/arcosolarengenharia.com.br\/index.php\/wp-json\/wp\/v2\/users\/1"}],"replies":[{"embeddable":true,"href":"https:\/\/arcosolarengenharia.com.br\/index.php\/wp-json\/wp\/v2\/comments?post=370"}],"version-history":[{"count":10,"href":"https:\/\/arcosolarengenharia.com.br\/index.php\/wp-json\/wp\/v2\/pages\/370\/revisions"}],"predecessor-version":[{"id":383,"href":"https:\/\/arcosolarengenharia.com.br\/index.php\/wp-json\/wp\/v2\/pages\/370\/revisions\/383"}],"wp:attachment":[{"href":"https:\/\/arcosolarengenharia.com.br\/index.php\/wp-json\/wp\/v2\/media?parent=370"}],"curies":[{"name":"wp","href":"https:\/\/api.w.org\/{rel}","templated":true}]}}